{"id":878,"date":"2023-03-07T07:13:31","date_gmt":"2023-03-07T07:13:31","guid":{"rendered":"https:\/\/po7dxobhscy.preview.infomaniak.website\/aston-supreme-maxi-puppy-taste-of-country\/"},"modified":"2024-10-16T08:11:15","modified_gmt":"2024-10-16T08:11:15","slug":"aston-supreme-maxi-puppy-taste-of-country","status":"publish","type":"page","link":"https:\/\/www.nekmar.be\/fr\/aston-supreme-maxi-puppy-taste-of-country\/","title":{"rendered":"ASTON Supreme Maxi Puppy Taste of Country"},"content":{"rendered":"<div class=\"wpb-content-wrapper\"><p>[vc_row css_animation=\u00a0\u00bb\u00a0\u00bb row_type=\u00a0\u00bbrow\u00a0\u00bb use_row_as_full_screen_section=\u00a0\u00bbno\u00a0\u00bb type=\u00a0\u00bbfull_width\u00a0\u00bb angled_section=\u00a0\u00bbno\u00a0\u00bb text_align=\u00a0\u00bbleft\u00a0\u00bb background_image_as_pattern=\u00a0\u00bbwithout_pattern\u00a0\u00bb][vc_column]\n\t\t\t<!-- START FA1 REVOLUTION SLIDER 6.7.10 --><p class=\"rs-p-wp-fix\"><\/p>\n\t\t\t<rs-module-wrap id=\"rev_slider_19_1_wrapper\" data-source=\"gallery\" style=\"visibility:hidden;background:transparent;padding:0;margin:0px auto;margin-top:0;margin-bottom:0;\">\n\t\t\t\t<rs-module id=\"rev_slider_19_1\" style=\"\" data-version=\"6.7.10\">\n\t\t\t\t\t<rs-slides style=\"overflow: hidden; position: absolute;\">\n\t\t\t\t\t\t<rs-slide style=\"position: absolute;\" data-key=\"rs-114\" data-title=\"Slide\" data-anim=\"adpr:false;\">\n\t\t\t\t\t\t\t<img decoding=\"async\" src=\"\/\/www.nekmar.be\/wp-content\/plugins\/revslider\/sr6\/assets\/assets\/dummy.png\" alt=\"\" title=\"ASTON Supreme Maxi Puppy Taste of Country\" class=\"rev-slidebg tp-rs-img rs-lazyload\" data-lazyload=\"\/\/po7dxobhscy.preview.infomaniak.website\/wp-content\/uploads\/revslider\/aston-country.jpg\" data-no-retina>\n<!--\n\t\t\t\t\t\t\t--><rs-layer\n\t\t\t\t\t\t\t\tid=\"slider-19-slide-114-layer-6\" \n\t\t\t\t\t\t\t\tdata-type=\"image\"\n\t\t\t\t\t\t\t\tdata-rsp_ch=\"on\"\n\t\t\t\t\t\t\t\tdata-xy=\"x:c;xo:-413px,-413px,0,11px;y:m;yo:-19px,-19px,0,-7px;\"\n\t\t\t\t\t\t\t\tdata-text=\"l:22;a:inherit;\"\n\t\t\t\t\t\t\t\tdata-dim=\"w:503px,503px,346px,261px;h:160px,160px,110px,83px;\"\n\t\t\t\t\t\t\t\tdata-vbility=\"t,t,f,f\"\n\t\t\t\t\t\t\t\tdata-frame_0=\"tp:600;\"\n\t\t\t\t\t\t\t\tdata-frame_1=\"tp:600;st:620;sp:1500;sR:620;\"\n\t\t\t\t\t\t\t\tdata-frame_999=\"o:0;tp:600;st:w;sR:6880;\"\n\t\t\t\t\t\t\t\tstyle=\"z-index:5;\"\n\t\t\t\t\t\t\t><img decoding=\"async\" src=\"\/\/www.nekmar.be\/wp-content\/plugins\/revslider\/sr6\/assets\/assets\/dummy.png\" alt=\"\" class=\"tp-rs-img rs-lazyload\" width=\"641\" height=\"204\" data-lazyload=\"\/\/po7dxobhscy.preview.infomaniak.website\/wp-content\/uploads\/revslider\/aston-food.png\" data-no-retina> \n\t\t\t\t\t\t\t<\/rs-layer><!--\n-->\t\t\t\t\t<\/rs-slide>\n\t\t\t\t\t<\/rs-slides>\n\t\t\t\t<\/rs-module>\n\t\t\t\t<script>\n\t\t\t\t\tsetREVStartSize({c: 'rev_slider_19_1',rl:[1240,1240,778,480],el:[],gw:[1920,1920,778,480],gh:[522,522,500,400],type:'standard',justify:'',layout:'fullwidth',mh:\"0\"});if (window.RS_MODULES!==undefined && window.RS_MODULES.modules!==undefined && window.RS_MODULES.modules[\"revslider191\"]!==undefined) {window.RS_MODULES.modules[\"revslider191\"].once = false;window.revapi19 = undefined;if (window.RS_MODULES.checkMinimal!==undefined) window.RS_MODULES.checkMinimal()}\n\t\t\t\t<\/script>\n\t\t\t<\/rs-module-wrap>\n\t\t\t<!-- END REVOLUTION SLIDER -->\n[\/vc_column][\/vc_row][vc_row css_animation=\u00a0\u00bb\u00a0\u00bb row_type=\u00a0\u00bbrow\u00a0\u00bb use_row_as_full_screen_section=\u00a0\u00bbno\u00a0\u00bb type=\u00a0\u00bbgrid\u00a0\u00bb angled_section=\u00a0\u00bbno\u00a0\u00bb text_align=\u00a0\u00bbleft\u00a0\u00bb background_image_as_pattern=\u00a0\u00bbwithout_pattern\u00a0\u00bb z_index=\u00a0\u00bb\u00a0\u00bb][vc_column width=\u00a0\u00bb1\/2&Prime;][vc_empty_space height=\u00a0\u00bb50px\u00a0\u00bb][vc_single_image image=\u00a0\u00bb616&Prime; img_size=\u00a0\u00bbfull\u00a0\u00bb alignment=\u00a0\u00bbcenter\u00a0\u00bb css=\u00a0\u00bb\u00a0\u00bb qode_css_animation=\u00a0\u00bb\u00a0\u00bb][\/vc_column][vc_column width=\u00a0\u00bb1\/2&Prime;][vc_empty_space height=\u00a0\u00bb50px\u00a0\u00bb][vc_column_text]<\/p>\n<h3><span style=\"color: #060503;\">ASTON SUPREME MAXI PUPPY<\/span><\/h3>\n<h3><span style=\"color: #060503;\">TASTE OF COUNTRY<\/span><\/h3>\n<p>[\/vc_column_text][vc_separator type=\u00a0\u00bbnormal\u00a0\u00bb color=\u00a0\u00bb#b18637&Prime; up=\u00a0\u00bb25&Prime; down=\u00a0\u00bb25&Prime;][vc_column_text css=\u00a0\u00bb\u00a0\u00bb]<strong>COMPOSITION <\/strong>: viande d\u00e9shydrat\u00e9e 40% (dont poulet 16%, b\u0153uf 12%, porc 12%), ma\u00efs, graisse de poulet, pois, graines de lin, pulpe de betterave s\u00e9ch\u00e9e, levures, min\u00e9raux, vitamines, glucosamine, sulfate de chondro\u00eftine.<\/p>\n<p>&nbsp;<\/p>\n<p><strong>COMPOSITION ANALYTIQUE<\/strong> : prot\u00e9ines brutes 29%, p\u00e9troles bruts et mati\u00e8res grasses 20 %, fibres brutes 2,6 %, cendres 8 %, humidit\u00e9 8 %.<\/p>\n<p>&nbsp;<\/p>\n<p><strong>ADDITIFS NUTRITIONNELS<\/strong> par kg\u00a0: 3a672a Vitamine A 13500 UI, E671 Vitamine D3 950 IJ, 3a700 Vitamine E 115 mg, E4 cuivre 47 mg, fer E1 50 mg, mangan\u00e8se E5 62 mg, zinc 3b605 148 mg, iode 3b201 1,2 mg, s\u00e9l\u00e9nium E8 0,27 mg.<\/p>\n<p>&nbsp;<\/p>\n<p><strong>COMPL\u00c9MENTS TECHNOLOGIQUES<\/strong> : antioxydants.<\/p>\n<p>&nbsp;<\/p>\n<p><strong>VALEUR D\u2019\u00c9NERGIE M\u00c9TABOLISABLE<\/strong> : 4100 Kcal\/kg.[\/vc_column_text][vc_empty_space]<a  itemprop=\"url\" href=\"https:\/\/www.animalsaveur.com\/collections\/aston-croquettes-pour-chien\/products\/croquettes-supreme-maxi-puppy-20kg\" target=\"_self\"  class=\"qbutton  medium default  qode-button-shadow\" style=\"font-weight: 500; margin: 15px; border-radius: 60pxpx;-moz-border-radius: 60pxpx;-webkit-border-radius: 60pxpx; \">Commander<span aria-hidden=\"true\" class=\"qode_icon_font_elegant arrow_right qode_button_icon_element\" style=\"\" ><\/span><\/a>[\/vc_column][\/vc_row][vc_row css_animation=\u00a0\u00bb\u00a0\u00bb row_type=\u00a0\u00bbrow\u00a0\u00bb use_row_as_full_screen_section=\u00a0\u00bbno\u00a0\u00bb type=\u00a0\u00bbfull_width\u00a0\u00bb angled_section=\u00a0\u00bbno\u00a0\u00bb text_align=\u00a0\u00bbleft\u00a0\u00bb background_image_as_pattern=\u00a0\u00bbwithout_pattern\u00a0\u00bb][vc_column][vc_empty_space height=\u00a0\u00bb50px\u00a0\u00bb][\/vc_column][\/vc_row]<\/p>\n<\/div>","protected":false},"excerpt":{"rendered":"<p>[vc_row css_animation=\u00a0\u00bb\u00a0\u00bb row_type=\u00a0\u00bbrow\u00a0\u00bb use_row_as_full_screen_section=\u00a0\u00bbno\u00a0\u00bb type=\u00a0\u00bbfull_width\u00a0\u00bb angled_section=\u00a0\u00bbno\u00a0\u00bb text_align=\u00a0\u00bbleft\u00a0\u00bb background_image_as_pattern=\u00a0\u00bbwithout_pattern\u00a0\u00bb][vc_column][\/vc_column][\/vc_row][vc_row css_animation=\u00a0\u00bb\u00a0\u00bb row_type=\u00a0\u00bbrow\u00a0\u00bb use_row_as_full_screen_section=\u00a0\u00bbno\u00a0\u00bb type=\u00a0\u00bbgrid\u00a0\u00bb angled_section=\u00a0\u00bbno\u00a0\u00bb text_align=\u00a0\u00bbleft\u00a0\u00bb background_image_as_pattern=\u00a0\u00bbwithout_pattern\u00a0\u00bb z_index=\u00a0\u00bb\u00a0\u00bb][vc_column width=\u00a0\u00bb1\/2&Prime;][vc_empty_space height=\u00a0\u00bb50px\u00a0\u00bb][vc_single_image image=\u00a0\u00bb616&Prime; img_size=\u00a0\u00bbfull\u00a0\u00bb alignment=\u00a0\u00bbcenter\u00a0\u00bb css=\u00a0\u00bb\u00a0\u00bb qode_css_animation=\u00a0\u00bb\u00a0\u00bb][\/vc_column][vc_column width=\u00a0\u00bb1\/2&Prime;][vc_empty_space height=\u00a0\u00bb50px\u00a0\u00bb][vc_column_text] ASTON SUPREME MAXI PUPPY TASTE OF COUNTRY [\/vc_column_text][vc_separator type=\u00a0\u00bbnormal\u00a0\u00bb color=\u00a0\u00bb#b18637&Prime; up=\u00a0\u00bb25&Prime; down=\u00a0\u00bb25&Prime;][vc_column_text css=\u00a0\u00bb\u00a0\u00bb]COMPOSITION : viande d\u00e9shydrat\u00e9e 40% (dont poulet 16%,&#8230;<\/p>\n","protected":false},"author":3,"featured_media":0,"parent":0,"menu_order":0,"comment_status":"closed","ping_status":"closed","template":"full_width.php","meta":{"footnotes":""},"class_list":["post-878","page","type-page","status-publish","hentry"],"yoast_head":"<!-- This site is optimized with the Yoast SEO plugin v27.4 - https:\/\/yoast.com\/product\/yoast-seo-wordpress\/ -->\n<title>ASTON Supreme Maxi Puppy Taste of Country<\/title>\n<meta name=\"robots\" content=\"index, follow, max-snippet:-1, max-image-preview:large, max-video-preview:-1\" \/>\n<link rel=\"canonical\" href=\"https:\/\/www.nekmar.be\/fr\/aston-supreme-maxi-puppy-taste-of-country\/\" \/>\n<meta property=\"og:locale\" content=\"fr_FR\" \/>\n<meta property=\"og:type\" content=\"article\" \/>\n<meta property=\"og:title\" content=\"ASTON Supreme Maxi Puppy Taste of Country\" \/>\n<meta property=\"og:description\" content=\"[vc_row css_animation=\u00a0\u00bb\u00a0\u00bb row_type=\u00a0\u00bbrow\u00a0\u00bb use_row_as_full_screen_section=\u00a0\u00bbno\u00a0\u00bb type=\u00a0\u00bbfull_width\u00a0\u00bb angled_section=\u00a0\u00bbno\u00a0\u00bb text_align=\u00a0\u00bbleft\u00a0\u00bb background_image_as_pattern=\u00a0\u00bbwithout_pattern\u00a0\u00bb][vc_column][\/vc_column][\/vc_row][vc_row css_animation=\u00a0\u00bb\u00a0\u00bb row_type=\u00a0\u00bbrow\u00a0\u00bb use_row_as_full_screen_section=\u00a0\u00bbno\u00a0\u00bb type=\u00a0\u00bbgrid\u00a0\u00bb angled_section=\u00a0\u00bbno\u00a0\u00bb text_align=\u00a0\u00bbleft\u00a0\u00bb background_image_as_pattern=\u00a0\u00bbwithout_pattern\u00a0\u00bb z_index=\u00a0\u00bb\u00a0\u00bb][vc_column width=\u00a0\u00bb1\/2&Prime;][vc_empty_space height=\u00a0\u00bb50px\u00a0\u00bb][vc_single_image image=\u00a0\u00bb616&Prime; img_size=\u00a0\u00bbfull\u00a0\u00bb alignment=\u00a0\u00bbcenter\u00a0\u00bb css=\u00a0\u00bb\u00a0\u00bb qode_css_animation=\u00a0\u00bb\u00a0\u00bb][\/vc_column][vc_column width=\u00a0\u00bb1\/2&Prime;][vc_empty_space height=\u00a0\u00bb50px\u00a0\u00bb][vc_column_text] ASTON SUPREME MAXI PUPPY TASTE OF COUNTRY [\/vc_column_text][vc_separator type=\u00a0\u00bbnormal\u00a0\u00bb color=\u00a0\u00bb#b18637&Prime; up=\u00a0\u00bb25&Prime; down=\u00a0\u00bb25&Prime;][vc_column_text css=\u00a0\u00bb\u00a0\u00bb]COMPOSITION : viande d\u00e9shydrat\u00e9e 40% (dont poulet 16%,...\" \/>\n<meta property=\"og:url\" content=\"https:\/\/www.nekmar.be\/fr\/aston-supreme-maxi-puppy-taste-of-country\/\" \/>\n<meta property=\"og:site_name\" content=\"Nekmar Pet Nutrition\" \/>\n<meta property=\"article:publisher\" content=\"https:\/\/www.facebook.com\/nekmarpetnutrition\/\" \/>\n<meta property=\"article:modified_time\" content=\"2024-10-16T08:11:15+00:00\" \/>\n<meta property=\"og:image\" content=\"https:\/\/www.nekmar.be\/wp-content\/uploads\/2021\/11\/nekmar-f.jpg\" \/>\n\t<meta property=\"og:image:width\" content=\"1200\" \/>\n\t<meta property=\"og:image:height\" content=\"630\" \/>\n\t<meta property=\"og:image:type\" content=\"image\/jpeg\" \/>\n<meta name=\"twitter:card\" content=\"summary_large_image\" \/>\n<meta name=\"twitter:label1\" content=\"Dur\u00e9e de lecture estim\u00e9e\" \/>\n\t<meta name=\"twitter:data1\" content=\"2 minutes\" \/>\n<script type=\"application\/ld+json\" class=\"yoast-schema-graph\">{\"@context\":\"https:\\\/\\\/schema.org\",\"@graph\":[{\"@type\":\"WebPage\",\"@id\":\"https:\\\/\\\/www.nekmar.be\\\/fr\\\/aston-supreme-maxi-puppy-taste-of-country\\\/\",\"url\":\"https:\\\/\\\/www.nekmar.be\\\/fr\\\/aston-supreme-maxi-puppy-taste-of-country\\\/\",\"name\":\"ASTON Supreme Maxi Puppy Taste of Country\",\"isPartOf\":{\"@id\":\"https:\\\/\\\/www.nekmar.be\\\/fr\\\/#website\"},\"datePublished\":\"2023-03-07T07:13:31+00:00\",\"dateModified\":\"2024-10-16T08:11:15+00:00\",\"breadcrumb\":{\"@id\":\"https:\\\/\\\/www.nekmar.be\\\/fr\\\/aston-supreme-maxi-puppy-taste-of-country\\\/#breadcrumb\"},\"inLanguage\":\"fr-FR\",\"potentialAction\":[{\"@type\":\"ReadAction\",\"target\":[\"https:\\\/\\\/www.nekmar.be\\\/fr\\\/aston-supreme-maxi-puppy-taste-of-country\\\/\"]}]},{\"@type\":\"BreadcrumbList\",\"@id\":\"https:\\\/\\\/www.nekmar.be\\\/fr\\\/aston-supreme-maxi-puppy-taste-of-country\\\/#breadcrumb\",\"itemListElement\":[{\"@type\":\"ListItem\",\"position\":1,\"name\":\"Home\",\"item\":\"https:\\\/\\\/www.nekmar.be\\\/fr\\\/\"},{\"@type\":\"ListItem\",\"position\":2,\"name\":\"ASTON Supreme Maxi Puppy Taste of Country\"}]},{\"@type\":\"WebSite\",\"@id\":\"https:\\\/\\\/www.nekmar.be\\\/fr\\\/#website\",\"url\":\"https:\\\/\\\/www.nekmar.be\\\/fr\\\/\",\"name\":\"Nekmar Pet Nutrition\",\"description\":\"\",\"publisher\":{\"@id\":\"https:\\\/\\\/www.nekmar.be\\\/fr\\\/#organization\"},\"potentialAction\":[{\"@type\":\"SearchAction\",\"target\":{\"@type\":\"EntryPoint\",\"urlTemplate\":\"https:\\\/\\\/www.nekmar.be\\\/fr\\\/?s={search_term_string}\"},\"query-input\":{\"@type\":\"PropertyValueSpecification\",\"valueRequired\":true,\"valueName\":\"search_term_string\"}}],\"inLanguage\":\"fr-FR\"},{\"@type\":\"Organization\",\"@id\":\"https:\\\/\\\/www.nekmar.be\\\/fr\\\/#organization\",\"name\":\"Nekmar Pet Nutrition\",\"url\":\"https:\\\/\\\/www.nekmar.be\\\/fr\\\/\",\"logo\":{\"@type\":\"ImageObject\",\"inLanguage\":\"fr-FR\",\"@id\":\"https:\\\/\\\/www.nekmar.be\\\/fr\\\/#\\\/schema\\\/logo\\\/image\\\/\",\"url\":\"http:\\\/\\\/po7dxobhscy.preview.infomaniak.website\\\/wp-content\\\/uploads\\\/2021\\\/11\\\/Nekmar-contact.jpg\",\"contentUrl\":\"http:\\\/\\\/po7dxobhscy.preview.infomaniak.website\\\/wp-content\\\/uploads\\\/2021\\\/11\\\/Nekmar-contact.jpg\",\"width\":600,\"height\":142,\"caption\":\"Nekmar Pet Nutrition\"},\"image\":{\"@id\":\"https:\\\/\\\/www.nekmar.be\\\/fr\\\/#\\\/schema\\\/logo\\\/image\\\/\"},\"sameAs\":[\"https:\\\/\\\/www.facebook.com\\\/nekmarpetnutrition\\\/\",\"https:\\\/\\\/www.instagram.com\\\/nekmarpetnutrition\\\/\"]}]}<\/script>\n<!-- \/ Yoast SEO plugin. -->","yoast_head_json":{"title":"ASTON Supreme Maxi Puppy Taste of Country","robots":{"index":"index","follow":"follow","max-snippet":"max-snippet:-1","max-image-preview":"max-image-preview:large","max-video-preview":"max-video-preview:-1"},"canonical":"https:\/\/www.nekmar.be\/fr\/aston-supreme-maxi-puppy-taste-of-country\/","og_locale":"fr_FR","og_type":"article","og_title":"ASTON Supreme Maxi Puppy Taste of Country","og_description":"[vc_row css_animation=\u00a0\u00bb\u00a0\u00bb row_type=\u00a0\u00bbrow\u00a0\u00bb use_row_as_full_screen_section=\u00a0\u00bbno\u00a0\u00bb type=\u00a0\u00bbfull_width\u00a0\u00bb angled_section=\u00a0\u00bbno\u00a0\u00bb text_align=\u00a0\u00bbleft\u00a0\u00bb background_image_as_pattern=\u00a0\u00bbwithout_pattern\u00a0\u00bb][vc_column][\/vc_column][\/vc_row][vc_row css_animation=\u00a0\u00bb\u00a0\u00bb row_type=\u00a0\u00bbrow\u00a0\u00bb use_row_as_full_screen_section=\u00a0\u00bbno\u00a0\u00bb type=\u00a0\u00bbgrid\u00a0\u00bb angled_section=\u00a0\u00bbno\u00a0\u00bb text_align=\u00a0\u00bbleft\u00a0\u00bb background_image_as_pattern=\u00a0\u00bbwithout_pattern\u00a0\u00bb z_index=\u00a0\u00bb\u00a0\u00bb][vc_column width=\u00a0\u00bb1\/2&Prime;][vc_empty_space height=\u00a0\u00bb50px\u00a0\u00bb][vc_single_image image=\u00a0\u00bb616&Prime; img_size=\u00a0\u00bbfull\u00a0\u00bb alignment=\u00a0\u00bbcenter\u00a0\u00bb css=\u00a0\u00bb\u00a0\u00bb qode_css_animation=\u00a0\u00bb\u00a0\u00bb][\/vc_column][vc_column width=\u00a0\u00bb1\/2&Prime;][vc_empty_space height=\u00a0\u00bb50px\u00a0\u00bb][vc_column_text] ASTON SUPREME MAXI PUPPY TASTE OF COUNTRY [\/vc_column_text][vc_separator type=\u00a0\u00bbnormal\u00a0\u00bb color=\u00a0\u00bb#b18637&Prime; up=\u00a0\u00bb25&Prime; down=\u00a0\u00bb25&Prime;][vc_column_text css=\u00a0\u00bb\u00a0\u00bb]COMPOSITION : viande d\u00e9shydrat\u00e9e 40% (dont poulet 16%,...","og_url":"https:\/\/www.nekmar.be\/fr\/aston-supreme-maxi-puppy-taste-of-country\/","og_site_name":"Nekmar Pet Nutrition","article_publisher":"https:\/\/www.facebook.com\/nekmarpetnutrition\/","article_modified_time":"2024-10-16T08:11:15+00:00","og_image":[{"width":1200,"height":630,"url":"https:\/\/www.nekmar.be\/wp-content\/uploads\/2021\/11\/nekmar-f.jpg","type":"image\/jpeg"}],"twitter_card":"summary_large_image","twitter_misc":{"Dur\u00e9e de lecture estim\u00e9e":"2 minutes"},"schema":{"@context":"https:\/\/schema.org","@graph":[{"@type":"WebPage","@id":"https:\/\/www.nekmar.be\/fr\/aston-supreme-maxi-puppy-taste-of-country\/","url":"https:\/\/www.nekmar.be\/fr\/aston-supreme-maxi-puppy-taste-of-country\/","name":"ASTON Supreme Maxi Puppy Taste of Country","isPartOf":{"@id":"https:\/\/www.nekmar.be\/fr\/#website"},"datePublished":"2023-03-07T07:13:31+00:00","dateModified":"2024-10-16T08:11:15+00:00","breadcrumb":{"@id":"https:\/\/www.nekmar.be\/fr\/aston-supreme-maxi-puppy-taste-of-country\/#breadcrumb"},"inLanguage":"fr-FR","potentialAction":[{"@type":"ReadAction","target":["https:\/\/www.nekmar.be\/fr\/aston-supreme-maxi-puppy-taste-of-country\/"]}]},{"@type":"BreadcrumbList","@id":"https:\/\/www.nekmar.be\/fr\/aston-supreme-maxi-puppy-taste-of-country\/#breadcrumb","itemListElement":[{"@type":"ListItem","position":1,"name":"Home","item":"https:\/\/www.nekmar.be\/fr\/"},{"@type":"ListItem","position":2,"name":"ASTON Supreme Maxi Puppy Taste of Country"}]},{"@type":"WebSite","@id":"https:\/\/www.nekmar.be\/fr\/#website","url":"https:\/\/www.nekmar.be\/fr\/","name":"Nekmar Pet Nutrition","description":"","publisher":{"@id":"https:\/\/www.nekmar.be\/fr\/#organization"},"potentialAction":[{"@type":"SearchAction","target":{"@type":"EntryPoint","urlTemplate":"https:\/\/www.nekmar.be\/fr\/?s={search_term_string}"},"query-input":{"@type":"PropertyValueSpecification","valueRequired":true,"valueName":"search_term_string"}}],"inLanguage":"fr-FR"},{"@type":"Organization","@id":"https:\/\/www.nekmar.be\/fr\/#organization","name":"Nekmar Pet Nutrition","url":"https:\/\/www.nekmar.be\/fr\/","logo":{"@type":"ImageObject","inLanguage":"fr-FR","@id":"https:\/\/www.nekmar.be\/fr\/#\/schema\/logo\/image\/","url":"http:\/\/po7dxobhscy.preview.infomaniak.website\/wp-content\/uploads\/2021\/11\/Nekmar-contact.jpg","contentUrl":"http:\/\/po7dxobhscy.preview.infomaniak.website\/wp-content\/uploads\/2021\/11\/Nekmar-contact.jpg","width":600,"height":142,"caption":"Nekmar Pet Nutrition"},"image":{"@id":"https:\/\/www.nekmar.be\/fr\/#\/schema\/logo\/image\/"},"sameAs":["https:\/\/www.facebook.com\/nekmarpetnutrition\/","https:\/\/www.instagram.com\/nekmarpetnutrition\/"]}]}},"_links":{"self":[{"href":"https:\/\/www.nekmar.be\/fr\/wp-json\/wp\/v2\/pages\/878","targetHints":{"allow":["GET"]}}],"collection":[{"href":"https:\/\/www.nekmar.be\/fr\/wp-json\/wp\/v2\/pages"}],"about":[{"href":"https:\/\/www.nekmar.be\/fr\/wp-json\/wp\/v2\/types\/page"}],"author":[{"embeddable":true,"href":"https:\/\/www.nekmar.be\/fr\/wp-json\/wp\/v2\/users\/3"}],"replies":[{"embeddable":true,"href":"https:\/\/www.nekmar.be\/fr\/wp-json\/wp\/v2\/comments?post=878"}],"version-history":[{"count":4,"href":"https:\/\/www.nekmar.be\/fr\/wp-json\/wp\/v2\/pages\/878\/revisions"}],"predecessor-version":[{"id":1236,"href":"https:\/\/www.nekmar.be\/fr\/wp-json\/wp\/v2\/pages\/878\/revisions\/1236"}],"wp:attachment":[{"href":"https:\/\/www.nekmar.be\/fr\/wp-json\/wp\/v2\/media?parent=878"}],"curies":[{"name":"wp","href":"https:\/\/api.w.org\/{rel}","templated":true}]}}