{"id":905,"date":"2021-11-29T14:20:00","date_gmt":"2021-11-29T14:20:00","guid":{"rendered":"https:\/\/po7dxobhscy.preview.infomaniak.website\/nekmar-adult-fresh-duck\/"},"modified":"2024-10-16T08:31:49","modified_gmt":"2024-10-16T08:31:49","slug":"nekmar-adult-fresh-duck","status":"publish","type":"page","link":"https:\/\/www.nekmar.be\/fr\/nekmar-adult-fresh-duck\/","title":{"rendered":"NEKMAR Adult Fresh Duck"},"content":{"rendered":"<div class=\"wpb-content-wrapper\"><p>[vc_row css_animation=\u00a0\u00bb\u00a0\u00bb row_type=\u00a0\u00bbrow\u00a0\u00bb use_row_as_full_screen_section=\u00a0\u00bbno\u00a0\u00bb type=\u00a0\u00bbfull_width\u00a0\u00bb angled_section=\u00a0\u00bbno\u00a0\u00bb text_align=\u00a0\u00bbleft\u00a0\u00bb background_image_as_pattern=\u00a0\u00bbwithout_pattern\u00a0\u00bb][vc_column]\n\t\t\t<!-- START FN9 REVOLUTION SLIDER 6.7.10 --><p class=\"rs-p-wp-fix\"><\/p>\n\t\t\t<rs-module-wrap id=\"rev_slider_17_1_wrapper\" data-source=\"gallery\" style=\"visibility:hidden;background:transparent;padding:0;margin:0px auto;margin-top:0;margin-bottom:0;\">\n\t\t\t\t<rs-module id=\"rev_slider_17_1\" style=\"\" data-version=\"6.7.10\">\n\t\t\t\t\t<rs-slides style=\"overflow: hidden; position: absolute;\">\n\t\t\t\t\t\t<rs-slide style=\"position: absolute;\" data-key=\"rs-101\" data-title=\"Slide\" data-anim=\"adpr:false;\">\n\t\t\t\t\t\t\t<img decoding=\"async\" src=\"\/\/www.nekmar.be\/wp-content\/plugins\/revslider\/sr6\/assets\/assets\/dummy.png\" alt=\"\" title=\"NEKMAR Adult Fresh Duck\" class=\"rev-slidebg tp-rs-img rs-lazyload\" data-lazyload=\"\/\/po7dxobhscy.preview.infomaniak.website\/wp-content\/uploads\/revslider\/nekmar-duck.jpg\" data-no-retina>\n<!--\n\t\t\t\t\t\t\t--><rs-layer\n\t\t\t\t\t\t\t\tid=\"slider-17-slide-101-layer-4\" \n\t\t\t\t\t\t\t\tdata-type=\"image\"\n\t\t\t\t\t\t\t\tdata-rsp_ch=\"on\"\n\t\t\t\t\t\t\t\tdata-xy=\"x:c;xo:206px,206px,171px,82px;y:m;yo:-22px,-22px,-19px,42px;\"\n\t\t\t\t\t\t\t\tdata-text=\"l:22;a:inherit;\"\n\t\t\t\t\t\t\t\tdata-dim=\"w:260px,260px,239px,226px;h:135px,135px,124px,117px;\"\n\t\t\t\t\t\t\t\tdata-vbility=\"t,t,f,f\"\n\t\t\t\t\t\t\t\tdata-frame_0=\"tp:600;\"\n\t\t\t\t\t\t\t\tdata-frame_1=\"tp:600;st:220;sp:2000;sR:220;\"\n\t\t\t\t\t\t\t\tdata-frame_999=\"o:0;tp:600;st:w;sR:6780;\"\n\t\t\t\t\t\t\t\tstyle=\"z-index:5;\"\n\t\t\t\t\t\t\t><img decoding=\"async\" src=\"\/\/www.nekmar.be\/wp-content\/plugins\/revslider\/sr6\/assets\/assets\/dummy.png\" alt=\"\" class=\"tp-rs-img rs-lazyload\" width=\"480\" height=\"249\" data-lazyload=\"\/\/po7dxobhscy.preview.infomaniak.website\/wp-content\/uploads\/revslider\/nekmar-food-logo.png\" data-no-retina> \n\t\t\t\t\t\t\t<\/rs-layer><!--\n-->\t\t\t\t\t<\/rs-slide>\n\t\t\t\t\t<\/rs-slides>\n\t\t\t\t<\/rs-module>\n\t\t\t\t<script>\n\t\t\t\t\tsetREVStartSize({c: 'rev_slider_17_1',rl:[1240,1240,778,480],el:[],gw:[1920,1920,778,480],gh:[522,522,500,400],type:'standard',justify:'',layout:'fullwidth',mh:\"0\"});if (window.RS_MODULES!==undefined && window.RS_MODULES.modules!==undefined && window.RS_MODULES.modules[\"revslider171\"]!==undefined) {window.RS_MODULES.modules[\"revslider171\"].once = false;window.revapi17 = undefined;if (window.RS_MODULES.checkMinimal!==undefined) window.RS_MODULES.checkMinimal()}\n\t\t\t\t<\/script>\n\t\t\t<\/rs-module-wrap>\n\t\t\t<!-- END REVOLUTION SLIDER -->\n[\/vc_column][\/vc_row][vc_row css_animation=\u00a0\u00bb\u00a0\u00bb row_type=\u00a0\u00bbrow\u00a0\u00bb use_row_as_full_screen_section=\u00a0\u00bbno\u00a0\u00bb type=\u00a0\u00bbgrid\u00a0\u00bb angled_section=\u00a0\u00bbno\u00a0\u00bb text_align=\u00a0\u00bbleft\u00a0\u00bb background_image_as_pattern=\u00a0\u00bbwithout_pattern\u00a0\u00bb z_index=\u00a0\u00bb\u00a0\u00bb][vc_column width=\u00a0\u00bb1\/2&Prime;][vc_empty_space height=\u00a0\u00bb50px\u00a0\u00bb][vc_single_image image=\u00a0\u00bb608&Prime; img_size=\u00a0\u00bbfull\u00a0\u00bb alignment=\u00a0\u00bbcenter\u00a0\u00bb css=\u00a0\u00bb\u00a0\u00bb qode_css_animation=\u00a0\u00bb\u00a0\u00bb][\/vc_column][vc_column width=\u00a0\u00bb1\/2&Prime;][vc_empty_space height=\u00a0\u00bb50px\u00a0\u00bb][vc_column_text]<\/p>\n<h3>NEKMAR<\/h3>\n<h3>ADULT FRESH DUCK<\/h3>\n<p>[\/vc_column_text][vc_empty_space height=\u00a0\u00bb12px\u00a0\u00bb][vc_column_text css=\u00a0\u00bb\u00a0\u00bb]<\/p>\n<h6><span style=\"color: #b7702e;\">Viande fra\u00eeche de canard \u2022 riz brun \u2022 grenade \u2022 pissenlit <\/span><\/h6>\n<p>[\/vc_column_text][vc_empty_space][vc_column_text css=\u00a0\u00bb\u00a0\u00bb]<strong>COMPOSITION<\/strong>: viande de canard 37% (dont viande fra\u00eeche de canard 14%), riz brun 22%, f\u00e9cule de pois, petits pois, graisse animale, haricots, graines de lin, pulpe de betterave s\u00e9ch\u00e9e, algues d\u00e9shydrat\u00e9es 0,3%, mannan-oligosaccharides (MOS 0,2%), pissenlit d\u00e9shydrat\u00e9 (Taraxacum officinale W.), grenade d\u00e9shydrat\u00e9e (Punica granatum L.), yucca schidigera.<\/p>\n<p>&nbsp;<\/p>\n<p><strong>COMPOSITION ANALYTIQUE<\/strong>: prot\u00e9ines brutes 26%, huiles et graisses brutes 14%, fibres brutes 2,7%, cendres 7,4%, humidit\u00e9 8%.<\/p>\n<p>&nbsp;<\/p>\n<p><strong>COMPL\u00c9MENTS par kg<\/strong>: Additifs nutritionnels: 3a672a Vitamine A 18500 UI, Vitamine E671 D3 1200 UI, 3a700 Vitamine E 150 mg, E4 cuivre 14,5 mg, E1 fer 29 mg, E5 mangan\u00e8se 58 mg, 3b605 zinc 65 mg, iode 3b201 3,14 mg, s\u00e9l\u00e9nium E8 0,152 mg. Additifs organoleptiques: Produit naturel botaniquement d\u00e9fini.<\/p>\n<p>&nbsp;<\/p>\n<p><strong>VALEUR D\u2019\u00c9NERGIE M\u00c9TABOLISABLE<\/strong>: 3750 Kcal\/kg.<\/p>\n<p>[\/vc_column_text][vc_empty_space]<a  itemprop=\"url\" href=\"https:\/\/www.animalsaveur.com\/collections\/nekmar-croquettes-pour-chiens-et-chats\/products\/croquettes-chien-adulte-canard-frais-12kg-1\" target=\"_self\"  class=\"qbutton  medium default  qode-button-shadow\" style=\"font-weight: 500; margin: 15px; border-radius: 60pxpx;-moz-border-radius: 60pxpx;-webkit-border-radius: 60pxpx; \">Commander<span aria-hidden=\"true\" class=\"qode_icon_font_elegant arrow_right qode_button_icon_element\" style=\"\" ><\/span><\/a>[\/vc_column][\/vc_row][vc_row css_animation=\u00a0\u00bb\u00a0\u00bb row_type=\u00a0\u00bbrow\u00a0\u00bb use_row_as_full_screen_section=\u00a0\u00bbno\u00a0\u00bb type=\u00a0\u00bbfull_width\u00a0\u00bb angled_section=\u00a0\u00bbno\u00a0\u00bb text_align=\u00a0\u00bbleft\u00a0\u00bb background_image_as_pattern=\u00a0\u00bbwithout_pattern\u00a0\u00bb][vc_column][vc_empty_space height=\u00a0\u00bb50px\u00a0\u00bb][\/vc_column][\/vc_row]<\/p>\n<\/div>","protected":false},"excerpt":{"rendered":"<p>[vc_row css_animation=\u00a0\u00bb\u00a0\u00bb row_type=\u00a0\u00bbrow\u00a0\u00bb use_row_as_full_screen_section=\u00a0\u00bbno\u00a0\u00bb type=\u00a0\u00bbfull_width\u00a0\u00bb angled_section=\u00a0\u00bbno\u00a0\u00bb text_align=\u00a0\u00bbleft\u00a0\u00bb background_image_as_pattern=\u00a0\u00bbwithout_pattern\u00a0\u00bb][vc_column][\/vc_column][\/vc_row][vc_row css_animation=\u00a0\u00bb\u00a0\u00bb row_type=\u00a0\u00bbrow\u00a0\u00bb use_row_as_full_screen_section=\u00a0\u00bbno\u00a0\u00bb type=\u00a0\u00bbgrid\u00a0\u00bb angled_section=\u00a0\u00bbno\u00a0\u00bb text_align=\u00a0\u00bbleft\u00a0\u00bb background_image_as_pattern=\u00a0\u00bbwithout_pattern\u00a0\u00bb z_index=\u00a0\u00bb\u00a0\u00bb][vc_column width=\u00a0\u00bb1\/2&Prime;][vc_empty_space height=\u00a0\u00bb50px\u00a0\u00bb][vc_single_image image=\u00a0\u00bb608&Prime; img_size=\u00a0\u00bbfull\u00a0\u00bb alignment=\u00a0\u00bbcenter\u00a0\u00bb css=\u00a0\u00bb\u00a0\u00bb qode_css_animation=\u00a0\u00bb\u00a0\u00bb][\/vc_column][vc_column width=\u00a0\u00bb1\/2&Prime;][vc_empty_space height=\u00a0\u00bb50px\u00a0\u00bb][vc_column_text] NEKMAR ADULT FRESH DUCK [\/vc_column_text][vc_empty_space height=\u00a0\u00bb12px\u00a0\u00bb][vc_column_text css=\u00a0\u00bb\u00a0\u00bb] Viande fra\u00eeche de canard \u2022 riz brun \u2022 grenade \u2022 pissenlit [\/vc_column_text][vc_empty_space][vc_column_text css=\u00a0\u00bb\u00a0\u00bb]COMPOSITION:&#8230;<\/p>\n","protected":false},"author":3,"featured_media":0,"parent":0,"menu_order":0,"comment_status":"closed","ping_status":"closed","template":"full_width.php","meta":{"footnotes":""},"class_list":["post-905","page","type-page","status-publish","hentry"],"yoast_head":"<!-- This site is optimized with the Yoast SEO plugin v27.4 - https:\/\/yoast.com\/product\/yoast-seo-wordpress\/ -->\n<title>NEKMAR Adult Fresh Duck - Nekmar Pet Nutrition<\/title>\n<meta name=\"robots\" content=\"index, follow, max-snippet:-1, max-image-preview:large, max-video-preview:-1\" \/>\n<link rel=\"canonical\" href=\"https:\/\/www.nekmar.be\/fr\/nekmar-adult-fresh-duck\/\" \/>\n<meta property=\"og:locale\" content=\"fr_FR\" \/>\n<meta property=\"og:type\" content=\"article\" \/>\n<meta property=\"og:title\" content=\"NEKMAR Adult Fresh Duck - Nekmar Pet Nutrition\" \/>\n<meta property=\"og:description\" content=\"[vc_row css_animation=\u00a0\u00bb\u00a0\u00bb row_type=\u00a0\u00bbrow\u00a0\u00bb use_row_as_full_screen_section=\u00a0\u00bbno\u00a0\u00bb type=\u00a0\u00bbfull_width\u00a0\u00bb angled_section=\u00a0\u00bbno\u00a0\u00bb text_align=\u00a0\u00bbleft\u00a0\u00bb background_image_as_pattern=\u00a0\u00bbwithout_pattern\u00a0\u00bb][vc_column][\/vc_column][\/vc_row][vc_row css_animation=\u00a0\u00bb\u00a0\u00bb row_type=\u00a0\u00bbrow\u00a0\u00bb use_row_as_full_screen_section=\u00a0\u00bbno\u00a0\u00bb type=\u00a0\u00bbgrid\u00a0\u00bb angled_section=\u00a0\u00bbno\u00a0\u00bb text_align=\u00a0\u00bbleft\u00a0\u00bb background_image_as_pattern=\u00a0\u00bbwithout_pattern\u00a0\u00bb z_index=\u00a0\u00bb\u00a0\u00bb][vc_column width=\u00a0\u00bb1\/2&Prime;][vc_empty_space height=\u00a0\u00bb50px\u00a0\u00bb][vc_single_image image=\u00a0\u00bb608&Prime; img_size=\u00a0\u00bbfull\u00a0\u00bb alignment=\u00a0\u00bbcenter\u00a0\u00bb css=\u00a0\u00bb\u00a0\u00bb qode_css_animation=\u00a0\u00bb\u00a0\u00bb][\/vc_column][vc_column width=\u00a0\u00bb1\/2&Prime;][vc_empty_space height=\u00a0\u00bb50px\u00a0\u00bb][vc_column_text] NEKMAR ADULT FRESH DUCK [\/vc_column_text][vc_empty_space height=\u00a0\u00bb12px\u00a0\u00bb][vc_column_text css=\u00a0\u00bb\u00a0\u00bb] Viande fra\u00eeche de canard \u2022 riz brun \u2022 grenade \u2022 pissenlit [\/vc_column_text][vc_empty_space][vc_column_text css=\u00a0\u00bb\u00a0\u00bb]COMPOSITION:...\" \/>\n<meta property=\"og:url\" content=\"https:\/\/www.nekmar.be\/fr\/nekmar-adult-fresh-duck\/\" \/>\n<meta property=\"og:site_name\" content=\"Nekmar Pet Nutrition\" \/>\n<meta property=\"article:publisher\" content=\"https:\/\/www.facebook.com\/nekmarpetnutrition\/\" \/>\n<meta property=\"article:modified_time\" content=\"2024-10-16T08:31:49+00:00\" \/>\n<meta property=\"og:image\" content=\"https:\/\/www.nekmar.be\/wp-content\/uploads\/2021\/11\/nekmar-f.jpg\" \/>\n\t<meta property=\"og:image:width\" content=\"1200\" \/>\n\t<meta property=\"og:image:height\" content=\"630\" \/>\n\t<meta property=\"og:image:type\" content=\"image\/jpeg\" \/>\n<meta name=\"twitter:card\" content=\"summary_large_image\" \/>\n<meta name=\"twitter:label1\" content=\"Dur\u00e9e de lecture estim\u00e9e\" \/>\n\t<meta name=\"twitter:data1\" content=\"2 minutes\" \/>\n<script type=\"application\/ld+json\" class=\"yoast-schema-graph\">{\"@context\":\"https:\\\/\\\/schema.org\",\"@graph\":[{\"@type\":\"WebPage\",\"@id\":\"https:\\\/\\\/www.nekmar.be\\\/fr\\\/nekmar-adult-fresh-duck\\\/\",\"url\":\"https:\\\/\\\/www.nekmar.be\\\/fr\\\/nekmar-adult-fresh-duck\\\/\",\"name\":\"NEKMAR Adult Fresh Duck - Nekmar Pet Nutrition\",\"isPartOf\":{\"@id\":\"https:\\\/\\\/www.nekmar.be\\\/fr\\\/#website\"},\"datePublished\":\"2021-11-29T14:20:00+00:00\",\"dateModified\":\"2024-10-16T08:31:49+00:00\",\"breadcrumb\":{\"@id\":\"https:\\\/\\\/www.nekmar.be\\\/fr\\\/nekmar-adult-fresh-duck\\\/#breadcrumb\"},\"inLanguage\":\"fr-FR\",\"potentialAction\":[{\"@type\":\"ReadAction\",\"target\":[\"https:\\\/\\\/www.nekmar.be\\\/fr\\\/nekmar-adult-fresh-duck\\\/\"]}]},{\"@type\":\"BreadcrumbList\",\"@id\":\"https:\\\/\\\/www.nekmar.be\\\/fr\\\/nekmar-adult-fresh-duck\\\/#breadcrumb\",\"itemListElement\":[{\"@type\":\"ListItem\",\"position\":1,\"name\":\"Home\",\"item\":\"https:\\\/\\\/www.nekmar.be\\\/fr\\\/\"},{\"@type\":\"ListItem\",\"position\":2,\"name\":\"NEKMAR Adult Fresh Duck\"}]},{\"@type\":\"WebSite\",\"@id\":\"https:\\\/\\\/www.nekmar.be\\\/fr\\\/#website\",\"url\":\"https:\\\/\\\/www.nekmar.be\\\/fr\\\/\",\"name\":\"Nekmar Pet Nutrition\",\"description\":\"\",\"publisher\":{\"@id\":\"https:\\\/\\\/www.nekmar.be\\\/fr\\\/#organization\"},\"potentialAction\":[{\"@type\":\"SearchAction\",\"target\":{\"@type\":\"EntryPoint\",\"urlTemplate\":\"https:\\\/\\\/www.nekmar.be\\\/fr\\\/?s={search_term_string}\"},\"query-input\":{\"@type\":\"PropertyValueSpecification\",\"valueRequired\":true,\"valueName\":\"search_term_string\"}}],\"inLanguage\":\"fr-FR\"},{\"@type\":\"Organization\",\"@id\":\"https:\\\/\\\/www.nekmar.be\\\/fr\\\/#organization\",\"name\":\"Nekmar Pet Nutrition\",\"url\":\"https:\\\/\\\/www.nekmar.be\\\/fr\\\/\",\"logo\":{\"@type\":\"ImageObject\",\"inLanguage\":\"fr-FR\",\"@id\":\"https:\\\/\\\/www.nekmar.be\\\/fr\\\/#\\\/schema\\\/logo\\\/image\\\/\",\"url\":\"http:\\\/\\\/po7dxobhscy.preview.infomaniak.website\\\/wp-content\\\/uploads\\\/2021\\\/11\\\/Nekmar-contact.jpg\",\"contentUrl\":\"http:\\\/\\\/po7dxobhscy.preview.infomaniak.website\\\/wp-content\\\/uploads\\\/2021\\\/11\\\/Nekmar-contact.jpg\",\"width\":600,\"height\":142,\"caption\":\"Nekmar Pet Nutrition\"},\"image\":{\"@id\":\"https:\\\/\\\/www.nekmar.be\\\/fr\\\/#\\\/schema\\\/logo\\\/image\\\/\"},\"sameAs\":[\"https:\\\/\\\/www.facebook.com\\\/nekmarpetnutrition\\\/\",\"https:\\\/\\\/www.instagram.com\\\/nekmarpetnutrition\\\/\"]}]}<\/script>\n<!-- \/ Yoast SEO plugin. -->","yoast_head_json":{"title":"NEKMAR Adult Fresh Duck - Nekmar Pet Nutrition","robots":{"index":"index","follow":"follow","max-snippet":"max-snippet:-1","max-image-preview":"max-image-preview:large","max-video-preview":"max-video-preview:-1"},"canonical":"https:\/\/www.nekmar.be\/fr\/nekmar-adult-fresh-duck\/","og_locale":"fr_FR","og_type":"article","og_title":"NEKMAR Adult Fresh Duck - Nekmar Pet Nutrition","og_description":"[vc_row css_animation=\u00a0\u00bb\u00a0\u00bb row_type=\u00a0\u00bbrow\u00a0\u00bb use_row_as_full_screen_section=\u00a0\u00bbno\u00a0\u00bb type=\u00a0\u00bbfull_width\u00a0\u00bb angled_section=\u00a0\u00bbno\u00a0\u00bb text_align=\u00a0\u00bbleft\u00a0\u00bb background_image_as_pattern=\u00a0\u00bbwithout_pattern\u00a0\u00bb][vc_column][\/vc_column][\/vc_row][vc_row css_animation=\u00a0\u00bb\u00a0\u00bb row_type=\u00a0\u00bbrow\u00a0\u00bb use_row_as_full_screen_section=\u00a0\u00bbno\u00a0\u00bb type=\u00a0\u00bbgrid\u00a0\u00bb angled_section=\u00a0\u00bbno\u00a0\u00bb text_align=\u00a0\u00bbleft\u00a0\u00bb background_image_as_pattern=\u00a0\u00bbwithout_pattern\u00a0\u00bb z_index=\u00a0\u00bb\u00a0\u00bb][vc_column width=\u00a0\u00bb1\/2&Prime;][vc_empty_space height=\u00a0\u00bb50px\u00a0\u00bb][vc_single_image image=\u00a0\u00bb608&Prime; img_size=\u00a0\u00bbfull\u00a0\u00bb alignment=\u00a0\u00bbcenter\u00a0\u00bb css=\u00a0\u00bb\u00a0\u00bb qode_css_animation=\u00a0\u00bb\u00a0\u00bb][\/vc_column][vc_column width=\u00a0\u00bb1\/2&Prime;][vc_empty_space height=\u00a0\u00bb50px\u00a0\u00bb][vc_column_text] NEKMAR ADULT FRESH DUCK [\/vc_column_text][vc_empty_space height=\u00a0\u00bb12px\u00a0\u00bb][vc_column_text css=\u00a0\u00bb\u00a0\u00bb] Viande fra\u00eeche de canard \u2022 riz brun \u2022 grenade \u2022 pissenlit [\/vc_column_text][vc_empty_space][vc_column_text css=\u00a0\u00bb\u00a0\u00bb]COMPOSITION:...","og_url":"https:\/\/www.nekmar.be\/fr\/nekmar-adult-fresh-duck\/","og_site_name":"Nekmar Pet Nutrition","article_publisher":"https:\/\/www.facebook.com\/nekmarpetnutrition\/","article_modified_time":"2024-10-16T08:31:49+00:00","og_image":[{"width":1200,"height":630,"url":"https:\/\/www.nekmar.be\/wp-content\/uploads\/2021\/11\/nekmar-f.jpg","type":"image\/jpeg"}],"twitter_card":"summary_large_image","twitter_misc":{"Dur\u00e9e de lecture estim\u00e9e":"2 minutes"},"schema":{"@context":"https:\/\/schema.org","@graph":[{"@type":"WebPage","@id":"https:\/\/www.nekmar.be\/fr\/nekmar-adult-fresh-duck\/","url":"https:\/\/www.nekmar.be\/fr\/nekmar-adult-fresh-duck\/","name":"NEKMAR Adult Fresh Duck - Nekmar Pet Nutrition","isPartOf":{"@id":"https:\/\/www.nekmar.be\/fr\/#website"},"datePublished":"2021-11-29T14:20:00+00:00","dateModified":"2024-10-16T08:31:49+00:00","breadcrumb":{"@id":"https:\/\/www.nekmar.be\/fr\/nekmar-adult-fresh-duck\/#breadcrumb"},"inLanguage":"fr-FR","potentialAction":[{"@type":"ReadAction","target":["https:\/\/www.nekmar.be\/fr\/nekmar-adult-fresh-duck\/"]}]},{"@type":"BreadcrumbList","@id":"https:\/\/www.nekmar.be\/fr\/nekmar-adult-fresh-duck\/#breadcrumb","itemListElement":[{"@type":"ListItem","position":1,"name":"Home","item":"https:\/\/www.nekmar.be\/fr\/"},{"@type":"ListItem","position":2,"name":"NEKMAR Adult Fresh Duck"}]},{"@type":"WebSite","@id":"https:\/\/www.nekmar.be\/fr\/#website","url":"https:\/\/www.nekmar.be\/fr\/","name":"Nekmar Pet Nutrition","description":"","publisher":{"@id":"https:\/\/www.nekmar.be\/fr\/#organization"},"potentialAction":[{"@type":"SearchAction","target":{"@type":"EntryPoint","urlTemplate":"https:\/\/www.nekmar.be\/fr\/?s={search_term_string}"},"query-input":{"@type":"PropertyValueSpecification","valueRequired":true,"valueName":"search_term_string"}}],"inLanguage":"fr-FR"},{"@type":"Organization","@id":"https:\/\/www.nekmar.be\/fr\/#organization","name":"Nekmar Pet Nutrition","url":"https:\/\/www.nekmar.be\/fr\/","logo":{"@type":"ImageObject","inLanguage":"fr-FR","@id":"https:\/\/www.nekmar.be\/fr\/#\/schema\/logo\/image\/","url":"http:\/\/po7dxobhscy.preview.infomaniak.website\/wp-content\/uploads\/2021\/11\/Nekmar-contact.jpg","contentUrl":"http:\/\/po7dxobhscy.preview.infomaniak.website\/wp-content\/uploads\/2021\/11\/Nekmar-contact.jpg","width":600,"height":142,"caption":"Nekmar Pet Nutrition"},"image":{"@id":"https:\/\/www.nekmar.be\/fr\/#\/schema\/logo\/image\/"},"sameAs":["https:\/\/www.facebook.com\/nekmarpetnutrition\/","https:\/\/www.instagram.com\/nekmarpetnutrition\/"]}]}},"_links":{"self":[{"href":"https:\/\/www.nekmar.be\/fr\/wp-json\/wp\/v2\/pages\/905","targetHints":{"allow":["GET"]}}],"collection":[{"href":"https:\/\/www.nekmar.be\/fr\/wp-json\/wp\/v2\/pages"}],"about":[{"href":"https:\/\/www.nekmar.be\/fr\/wp-json\/wp\/v2\/types\/page"}],"author":[{"embeddable":true,"href":"https:\/\/www.nekmar.be\/fr\/wp-json\/wp\/v2\/users\/3"}],"replies":[{"embeddable":true,"href":"https:\/\/www.nekmar.be\/fr\/wp-json\/wp\/v2\/comments?post=905"}],"version-history":[{"count":6,"href":"https:\/\/www.nekmar.be\/fr\/wp-json\/wp\/v2\/pages\/905\/revisions"}],"predecessor-version":[{"id":1250,"href":"https:\/\/www.nekmar.be\/fr\/wp-json\/wp\/v2\/pages\/905\/revisions\/1250"}],"wp:attachment":[{"href":"https:\/\/www.nekmar.be\/fr\/wp-json\/wp\/v2\/media?parent=905"}],"curies":[{"name":"wp","href":"https:\/\/api.w.org\/{rel}","templated":true}]}}