{"id":937,"date":"2021-11-29T14:23:27","date_gmt":"2021-11-29T14:23:27","guid":{"rendered":"https:\/\/po7dxobhscy.preview.infomaniak.website\/nekmar-puppy-royale\/"},"modified":"2024-05-23T09:40:33","modified_gmt":"2024-05-23T09:40:33","slug":"nekmar-puppy-royale","status":"publish","type":"page","link":"https:\/\/www.nekmar.be\/fr\/nekmar-puppy-royale\/","title":{"rendered":"NEKMAR Puppy Royale"},"content":{"rendered":"<div class=\"wpb-content-wrapper\"><p>[vc_row css_animation=\u00a0\u00bb\u00a0\u00bb row_type=\u00a0\u00bbrow\u00a0\u00bb use_row_as_full_screen_section=\u00a0\u00bbno\u00a0\u00bb type=\u00a0\u00bbfull_width\u00a0\u00bb angled_section=\u00a0\u00bbno\u00a0\u00bb text_align=\u00a0\u00bbleft\u00a0\u00bb background_image_as_pattern=\u00a0\u00bbwithout_pattern\u00a0\u00bb][vc_column]\n\t\t\t<!-- START FN2 REVOLUTION SLIDER 6.7.10 --><p class=\"rs-p-wp-fix\"><\/p>\n\t\t\t<rs-module-wrap id=\"rev_slider_10_1_wrapper\" data-source=\"gallery\" style=\"visibility:hidden;background:transparent;padding:0;margin:0px auto;margin-top:0;margin-bottom:0;\">\n\t\t\t\t<rs-module id=\"rev_slider_10_1\" style=\"\" data-version=\"6.7.10\">\n\t\t\t\t\t<rs-slides style=\"overflow: hidden; position: absolute;\">\n\t\t\t\t\t\t<rs-slide style=\"position: absolute;\" data-key=\"rs-37\" data-title=\"Slide\" data-anim=\"adpr:false;\">\n\t\t\t\t\t\t\t<img decoding=\"async\" src=\"\/\/www.nekmar.be\/wp-content\/plugins\/revslider\/sr6\/assets\/assets\/dummy.png\" alt=\"\" title=\"NEKMAR Puppy Royale\" class=\"rev-slidebg tp-rs-img rs-lazyload\" data-lazyload=\"\/\/po7dxobhscy.preview.infomaniak.website\/wp-content\/uploads\/revslider\/Nekmar-smmed.jpg\" data-no-retina>\n<!--\n\t\t\t\t\t\t\t--><rs-layer\n\t\t\t\t\t\t\t\tid=\"slider-10-slide-37-layer-4\" \n\t\t\t\t\t\t\t\tdata-type=\"image\"\n\t\t\t\t\t\t\t\tdata-rsp_ch=\"on\"\n\t\t\t\t\t\t\t\tdata-xy=\"x:c;xo:519px,519px,0,0;y:m;yo:40px,40px,135px,133px;\"\n\t\t\t\t\t\t\t\tdata-text=\"l:22;a:inherit;\"\n\t\t\t\t\t\t\t\tdata-dim=\"w:327px,327px,254px,164px;h:170px,170px,132px,85px;\"\n\t\t\t\t\t\t\t\tdata-frame_0=\"tp:600;\"\n\t\t\t\t\t\t\t\tdata-frame_1=\"tp:600;st:220;sp:2000;sR:220;\"\n\t\t\t\t\t\t\t\tdata-frame_999=\"o:0;tp:600;st:w;sR:6780;\"\n\t\t\t\t\t\t\t\tstyle=\"z-index:5;\"\n\t\t\t\t\t\t\t><img decoding=\"async\" src=\"\/\/www.nekmar.be\/wp-content\/plugins\/revslider\/sr6\/assets\/assets\/dummy.png\" alt=\"\" class=\"tp-rs-img rs-lazyload\" width=\"480\" height=\"249\" data-lazyload=\"\/\/po7dxobhscy.preview.infomaniak.website\/wp-content\/uploads\/revslider\/nekmar-food-logo.png\" data-no-retina> \n\t\t\t\t\t\t\t<\/rs-layer><!--\n-->\t\t\t\t\t<\/rs-slide>\n\t\t\t\t\t<\/rs-slides>\n\t\t\t\t<\/rs-module>\n\t\t\t\t<script>\n\t\t\t\t\tsetREVStartSize({c: 'rev_slider_10_1',rl:[1240,1240,778,480],el:[],gw:[1920,1920,778,480],gh:[522,522,500,400],type:'standard',justify:'',layout:'fullwidth',mh:\"0\"});if (window.RS_MODULES!==undefined && window.RS_MODULES.modules!==undefined && window.RS_MODULES.modules[\"revslider101\"]!==undefined) {window.RS_MODULES.modules[\"revslider101\"].once = false;window.revapi10 = undefined;if (window.RS_MODULES.checkMinimal!==undefined) window.RS_MODULES.checkMinimal()}\n\t\t\t\t<\/script>\n\t\t\t<\/rs-module-wrap>\n\t\t\t<!-- END REVOLUTION SLIDER -->\n[\/vc_column][\/vc_row][vc_row css_animation=\u00a0\u00bb\u00a0\u00bb row_type=\u00a0\u00bbrow\u00a0\u00bb use_row_as_full_screen_section=\u00a0\u00bbno\u00a0\u00bb type=\u00a0\u00bbgrid\u00a0\u00bb angled_section=\u00a0\u00bbno\u00a0\u00bb text_align=\u00a0\u00bbleft\u00a0\u00bb background_image_as_pattern=\u00a0\u00bbwithout_pattern\u00a0\u00bb z_index=\u00a0\u00bb\u00a0\u00bb][vc_column width=\u00a0\u00bb1\/2&Prime;][vc_empty_space height=\u00a0\u00bb50px\u00a0\u00bb][vc_single_image image=\u00a0\u00bb610&Prime; img_size=\u00a0\u00bbfull\u00a0\u00bb alignment=\u00a0\u00bbcenter\u00a0\u00bb css=\u00a0\u00bb\u00a0\u00bb qode_css_animation=\u00a0\u00bb\u00a0\u00bb][\/vc_column][vc_column width=\u00a0\u00bb1\/2&Prime;][vc_empty_space height=\u00a0\u00bb50px\u00a0\u00bb][vc_column_text]<\/p>\n<h3>NEKMAR<\/h3>\n<h3>PUPPY ROYALE<\/h3>\n<p>[\/vc_column_text][vc_empty_space height=\u00a0\u00bb12px\u00a0\u00bb][vc_column_text css=\u00a0\u00bb\u00a0\u00bb]<\/p>\n<h6><span style=\"color: #b7702e;\">Viande fra\u00eeche de porc \u2022 riz brun \u2022 grenade \u2022 pissenlit <\/span><\/h6>\n<p>[\/vc_column_text][vc_empty_space][vc_column_text css=\u00a0\u00bb\u00a0\u00bb]<strong>COMPOSITION:<\/strong> viande de porc 42% (dont porc frais 14%), riz complet 20%, f\u00e9cule de pois, petits pois, graisse animale, haricots, graines de lin, pulpe de betterave s\u00e9ch\u00e9e, algues d\u00e9shydrat\u00e9es 0,3%, mannan-oligosaccharides (MOS 0,2%), pissenlit d\u00e9shydrat\u00e9 (Taraxacum officinale W.), grenade d\u00e9shydrat\u00e9e (Punica granatum L.), yucca schidigera, glucosamine (100 mg\/kg), sulfate de chondro\u00eftine (50 mg\/kg).<\/p>\n<p>&nbsp;<\/p>\n<p><strong>COMPOSITION ANALYTIQUE<\/strong>: prot\u00e9ines brutes 30%, huiles et graisses brutes 18 %, fibres brutes 2,8 %, cendres 7,3 %, humidit\u00e9 8 %, calcium 1,20 %, phosphore 0,95 %.<\/p>\n<p>&nbsp;<\/p>\n<p><strong>COMPL\u00c9MENTS par kg<\/strong>: Additifs nutritionnels: 3a672a Vitamine A 18500 UI, E671 Vitamine D3 1200 UI, 3a700 Vitamine E 150 mg, E4 cuivre 14,5 mg, E1 fer 29 mg, E5 mangan\u00e8se 58 mg, 3b605 zinc 65 mg, 3b201 iode 3,14 mg, E8 s\u00e9l\u00e9nium 0,152 mg. Additifs organoleptiques: Produit naturel botaniquement d\u00e9fini.<\/p>\n<p>&nbsp;<\/p>\n<p><strong>VALEUR D\u2019\u00c9NERGIE M\u00c9TABOLISABLE<\/strong>: 3910 Kcal\/kg.[\/vc_column_text][\/vc_column][\/vc_row][vc_row css_animation=\u00a0\u00bb\u00a0\u00bb row_type=\u00a0\u00bbrow\u00a0\u00bb use_row_as_full_screen_section=\u00a0\u00bbno\u00a0\u00bb type=\u00a0\u00bbfull_width\u00a0\u00bb angled_section=\u00a0\u00bbno\u00a0\u00bb text_align=\u00a0\u00bbleft\u00a0\u00bb background_image_as_pattern=\u00a0\u00bbwithout_pattern\u00a0\u00bb][vc_column][vc_empty_space height=\u00a0\u00bb50px\u00a0\u00bb][\/vc_column][\/vc_row]<\/p>\n<\/div>","protected":false},"excerpt":{"rendered":"<p>[vc_row css_animation=\u00a0\u00bb\u00a0\u00bb row_type=\u00a0\u00bbrow\u00a0\u00bb use_row_as_full_screen_section=\u00a0\u00bbno\u00a0\u00bb type=\u00a0\u00bbfull_width\u00a0\u00bb angled_section=\u00a0\u00bbno\u00a0\u00bb text_align=\u00a0\u00bbleft\u00a0\u00bb background_image_as_pattern=\u00a0\u00bbwithout_pattern\u00a0\u00bb][vc_column][\/vc_column][\/vc_row][vc_row css_animation=\u00a0\u00bb\u00a0\u00bb row_type=\u00a0\u00bbrow\u00a0\u00bb use_row_as_full_screen_section=\u00a0\u00bbno\u00a0\u00bb type=\u00a0\u00bbgrid\u00a0\u00bb angled_section=\u00a0\u00bbno\u00a0\u00bb text_align=\u00a0\u00bbleft\u00a0\u00bb background_image_as_pattern=\u00a0\u00bbwithout_pattern\u00a0\u00bb z_index=\u00a0\u00bb\u00a0\u00bb][vc_column width=\u00a0\u00bb1\/2&Prime;][vc_empty_space height=\u00a0\u00bb50px\u00a0\u00bb][vc_single_image image=\u00a0\u00bb610&Prime; img_size=\u00a0\u00bbfull\u00a0\u00bb alignment=\u00a0\u00bbcenter\u00a0\u00bb css=\u00a0\u00bb\u00a0\u00bb qode_css_animation=\u00a0\u00bb\u00a0\u00bb][\/vc_column][vc_column width=\u00a0\u00bb1\/2&Prime;][vc_empty_space height=\u00a0\u00bb50px\u00a0\u00bb][vc_column_text] NEKMAR PUPPY ROYALE [\/vc_column_text][vc_empty_space height=\u00a0\u00bb12px\u00a0\u00bb][vc_column_text css=\u00a0\u00bb\u00a0\u00bb] Viande fra\u00eeche de porc \u2022 riz brun \u2022 grenade \u2022 pissenlit [\/vc_column_text][vc_empty_space][vc_column_text css=\u00a0\u00bb\u00a0\u00bb]COMPOSITION: viande&#8230;<\/p>\n","protected":false},"author":3,"featured_media":0,"parent":0,"menu_order":0,"comment_status":"closed","ping_status":"closed","template":"full_width.php","meta":{"footnotes":""},"class_list":["post-937","page","type-page","status-publish","hentry"],"yoast_head":"<!-- This site is optimized with the Yoast SEO plugin v27.4 - https:\/\/yoast.com\/product\/yoast-seo-wordpress\/ -->\n<title>NEKMAR Puppy Royale - Nekmar Pet Nutrition<\/title>\n<meta name=\"robots\" content=\"index, follow, max-snippet:-1, max-image-preview:large, max-video-preview:-1\" \/>\n<link rel=\"canonical\" href=\"https:\/\/www.nekmar.be\/fr\/nekmar-puppy-royale\/\" \/>\n<meta property=\"og:locale\" content=\"fr_FR\" \/>\n<meta property=\"og:type\" content=\"article\" \/>\n<meta property=\"og:title\" content=\"NEKMAR Puppy Royale - Nekmar Pet Nutrition\" \/>\n<meta property=\"og:description\" content=\"[vc_row css_animation=\u00a0\u00bb\u00a0\u00bb row_type=\u00a0\u00bbrow\u00a0\u00bb use_row_as_full_screen_section=\u00a0\u00bbno\u00a0\u00bb type=\u00a0\u00bbfull_width\u00a0\u00bb angled_section=\u00a0\u00bbno\u00a0\u00bb text_align=\u00a0\u00bbleft\u00a0\u00bb background_image_as_pattern=\u00a0\u00bbwithout_pattern\u00a0\u00bb][vc_column][\/vc_column][\/vc_row][vc_row css_animation=\u00a0\u00bb\u00a0\u00bb row_type=\u00a0\u00bbrow\u00a0\u00bb use_row_as_full_screen_section=\u00a0\u00bbno\u00a0\u00bb type=\u00a0\u00bbgrid\u00a0\u00bb angled_section=\u00a0\u00bbno\u00a0\u00bb text_align=\u00a0\u00bbleft\u00a0\u00bb background_image_as_pattern=\u00a0\u00bbwithout_pattern\u00a0\u00bb z_index=\u00a0\u00bb\u00a0\u00bb][vc_column width=\u00a0\u00bb1\/2&Prime;][vc_empty_space height=\u00a0\u00bb50px\u00a0\u00bb][vc_single_image image=\u00a0\u00bb610&Prime; img_size=\u00a0\u00bbfull\u00a0\u00bb alignment=\u00a0\u00bbcenter\u00a0\u00bb css=\u00a0\u00bb\u00a0\u00bb qode_css_animation=\u00a0\u00bb\u00a0\u00bb][\/vc_column][vc_column width=\u00a0\u00bb1\/2&Prime;][vc_empty_space height=\u00a0\u00bb50px\u00a0\u00bb][vc_column_text] NEKMAR PUPPY ROYALE [\/vc_column_text][vc_empty_space height=\u00a0\u00bb12px\u00a0\u00bb][vc_column_text css=\u00a0\u00bb\u00a0\u00bb] Viande fra\u00eeche de porc \u2022 riz brun \u2022 grenade \u2022 pissenlit [\/vc_column_text][vc_empty_space][vc_column_text css=\u00a0\u00bb\u00a0\u00bb]COMPOSITION: viande...\" \/>\n<meta property=\"og:url\" content=\"https:\/\/www.nekmar.be\/fr\/nekmar-puppy-royale\/\" \/>\n<meta property=\"og:site_name\" content=\"Nekmar Pet Nutrition\" \/>\n<meta property=\"article:publisher\" content=\"https:\/\/www.facebook.com\/nekmarpetnutrition\/\" \/>\n<meta property=\"article:modified_time\" content=\"2024-05-23T09:40:33+00:00\" \/>\n<meta property=\"og:image\" content=\"https:\/\/www.nekmar.be\/wp-content\/uploads\/2021\/11\/nekmar-f.jpg\" \/>\n\t<meta property=\"og:image:width\" content=\"1200\" \/>\n\t<meta property=\"og:image:height\" content=\"630\" \/>\n\t<meta property=\"og:image:type\" content=\"image\/jpeg\" \/>\n<meta name=\"twitter:card\" content=\"summary_large_image\" \/>\n<meta name=\"twitter:label1\" content=\"Dur\u00e9e de lecture estim\u00e9e\" \/>\n\t<meta name=\"twitter:data1\" content=\"2 minutes\" \/>\n<script type=\"application\/ld+json\" class=\"yoast-schema-graph\">{\"@context\":\"https:\\\/\\\/schema.org\",\"@graph\":[{\"@type\":\"WebPage\",\"@id\":\"https:\\\/\\\/www.nekmar.be\\\/fr\\\/nekmar-puppy-royale\\\/\",\"url\":\"https:\\\/\\\/www.nekmar.be\\\/fr\\\/nekmar-puppy-royale\\\/\",\"name\":\"NEKMAR Puppy Royale - Nekmar Pet Nutrition\",\"isPartOf\":{\"@id\":\"https:\\\/\\\/www.nekmar.be\\\/fr\\\/#website\"},\"datePublished\":\"2021-11-29T14:23:27+00:00\",\"dateModified\":\"2024-05-23T09:40:33+00:00\",\"breadcrumb\":{\"@id\":\"https:\\\/\\\/www.nekmar.be\\\/fr\\\/nekmar-puppy-royale\\\/#breadcrumb\"},\"inLanguage\":\"fr-FR\",\"potentialAction\":[{\"@type\":\"ReadAction\",\"target\":[\"https:\\\/\\\/www.nekmar.be\\\/fr\\\/nekmar-puppy-royale\\\/\"]}]},{\"@type\":\"BreadcrumbList\",\"@id\":\"https:\\\/\\\/www.nekmar.be\\\/fr\\\/nekmar-puppy-royale\\\/#breadcrumb\",\"itemListElement\":[{\"@type\":\"ListItem\",\"position\":1,\"name\":\"Home\",\"item\":\"https:\\\/\\\/www.nekmar.be\\\/fr\\\/\"},{\"@type\":\"ListItem\",\"position\":2,\"name\":\"NEKMAR Puppy Royale\"}]},{\"@type\":\"WebSite\",\"@id\":\"https:\\\/\\\/www.nekmar.be\\\/fr\\\/#website\",\"url\":\"https:\\\/\\\/www.nekmar.be\\\/fr\\\/\",\"name\":\"Nekmar Pet Nutrition\",\"description\":\"\",\"publisher\":{\"@id\":\"https:\\\/\\\/www.nekmar.be\\\/fr\\\/#organization\"},\"potentialAction\":[{\"@type\":\"SearchAction\",\"target\":{\"@type\":\"EntryPoint\",\"urlTemplate\":\"https:\\\/\\\/www.nekmar.be\\\/fr\\\/?s={search_term_string}\"},\"query-input\":{\"@type\":\"PropertyValueSpecification\",\"valueRequired\":true,\"valueName\":\"search_term_string\"}}],\"inLanguage\":\"fr-FR\"},{\"@type\":\"Organization\",\"@id\":\"https:\\\/\\\/www.nekmar.be\\\/fr\\\/#organization\",\"name\":\"Nekmar Pet Nutrition\",\"url\":\"https:\\\/\\\/www.nekmar.be\\\/fr\\\/\",\"logo\":{\"@type\":\"ImageObject\",\"inLanguage\":\"fr-FR\",\"@id\":\"https:\\\/\\\/www.nekmar.be\\\/fr\\\/#\\\/schema\\\/logo\\\/image\\\/\",\"url\":\"http:\\\/\\\/po7dxobhscy.preview.infomaniak.website\\\/wp-content\\\/uploads\\\/2021\\\/11\\\/Nekmar-contact.jpg\",\"contentUrl\":\"http:\\\/\\\/po7dxobhscy.preview.infomaniak.website\\\/wp-content\\\/uploads\\\/2021\\\/11\\\/Nekmar-contact.jpg\",\"width\":600,\"height\":142,\"caption\":\"Nekmar Pet Nutrition\"},\"image\":{\"@id\":\"https:\\\/\\\/www.nekmar.be\\\/fr\\\/#\\\/schema\\\/logo\\\/image\\\/\"},\"sameAs\":[\"https:\\\/\\\/www.facebook.com\\\/nekmarpetnutrition\\\/\",\"https:\\\/\\\/www.instagram.com\\\/nekmarpetnutrition\\\/\"]}]}<\/script>\n<!-- \/ Yoast SEO plugin. -->","yoast_head_json":{"title":"NEKMAR Puppy Royale - Nekmar Pet Nutrition","robots":{"index":"index","follow":"follow","max-snippet":"max-snippet:-1","max-image-preview":"max-image-preview:large","max-video-preview":"max-video-preview:-1"},"canonical":"https:\/\/www.nekmar.be\/fr\/nekmar-puppy-royale\/","og_locale":"fr_FR","og_type":"article","og_title":"NEKMAR Puppy Royale - Nekmar Pet Nutrition","og_description":"[vc_row css_animation=\u00a0\u00bb\u00a0\u00bb row_type=\u00a0\u00bbrow\u00a0\u00bb use_row_as_full_screen_section=\u00a0\u00bbno\u00a0\u00bb type=\u00a0\u00bbfull_width\u00a0\u00bb angled_section=\u00a0\u00bbno\u00a0\u00bb text_align=\u00a0\u00bbleft\u00a0\u00bb background_image_as_pattern=\u00a0\u00bbwithout_pattern\u00a0\u00bb][vc_column][\/vc_column][\/vc_row][vc_row css_animation=\u00a0\u00bb\u00a0\u00bb row_type=\u00a0\u00bbrow\u00a0\u00bb use_row_as_full_screen_section=\u00a0\u00bbno\u00a0\u00bb type=\u00a0\u00bbgrid\u00a0\u00bb angled_section=\u00a0\u00bbno\u00a0\u00bb text_align=\u00a0\u00bbleft\u00a0\u00bb background_image_as_pattern=\u00a0\u00bbwithout_pattern\u00a0\u00bb z_index=\u00a0\u00bb\u00a0\u00bb][vc_column width=\u00a0\u00bb1\/2&Prime;][vc_empty_space height=\u00a0\u00bb50px\u00a0\u00bb][vc_single_image image=\u00a0\u00bb610&Prime; img_size=\u00a0\u00bbfull\u00a0\u00bb alignment=\u00a0\u00bbcenter\u00a0\u00bb css=\u00a0\u00bb\u00a0\u00bb qode_css_animation=\u00a0\u00bb\u00a0\u00bb][\/vc_column][vc_column width=\u00a0\u00bb1\/2&Prime;][vc_empty_space height=\u00a0\u00bb50px\u00a0\u00bb][vc_column_text] NEKMAR PUPPY ROYALE [\/vc_column_text][vc_empty_space height=\u00a0\u00bb12px\u00a0\u00bb][vc_column_text css=\u00a0\u00bb\u00a0\u00bb] Viande fra\u00eeche de porc \u2022 riz brun \u2022 grenade \u2022 pissenlit [\/vc_column_text][vc_empty_space][vc_column_text css=\u00a0\u00bb\u00a0\u00bb]COMPOSITION: viande...","og_url":"https:\/\/www.nekmar.be\/fr\/nekmar-puppy-royale\/","og_site_name":"Nekmar Pet Nutrition","article_publisher":"https:\/\/www.facebook.com\/nekmarpetnutrition\/","article_modified_time":"2024-05-23T09:40:33+00:00","og_image":[{"width":1200,"height":630,"url":"https:\/\/www.nekmar.be\/wp-content\/uploads\/2021\/11\/nekmar-f.jpg","type":"image\/jpeg"}],"twitter_card":"summary_large_image","twitter_misc":{"Dur\u00e9e de lecture estim\u00e9e":"2 minutes"},"schema":{"@context":"https:\/\/schema.org","@graph":[{"@type":"WebPage","@id":"https:\/\/www.nekmar.be\/fr\/nekmar-puppy-royale\/","url":"https:\/\/www.nekmar.be\/fr\/nekmar-puppy-royale\/","name":"NEKMAR Puppy Royale - Nekmar Pet Nutrition","isPartOf":{"@id":"https:\/\/www.nekmar.be\/fr\/#website"},"datePublished":"2021-11-29T14:23:27+00:00","dateModified":"2024-05-23T09:40:33+00:00","breadcrumb":{"@id":"https:\/\/www.nekmar.be\/fr\/nekmar-puppy-royale\/#breadcrumb"},"inLanguage":"fr-FR","potentialAction":[{"@type":"ReadAction","target":["https:\/\/www.nekmar.be\/fr\/nekmar-puppy-royale\/"]}]},{"@type":"BreadcrumbList","@id":"https:\/\/www.nekmar.be\/fr\/nekmar-puppy-royale\/#breadcrumb","itemListElement":[{"@type":"ListItem","position":1,"name":"Home","item":"https:\/\/www.nekmar.be\/fr\/"},{"@type":"ListItem","position":2,"name":"NEKMAR Puppy Royale"}]},{"@type":"WebSite","@id":"https:\/\/www.nekmar.be\/fr\/#website","url":"https:\/\/www.nekmar.be\/fr\/","name":"Nekmar Pet Nutrition","description":"","publisher":{"@id":"https:\/\/www.nekmar.be\/fr\/#organization"},"potentialAction":[{"@type":"SearchAction","target":{"@type":"EntryPoint","urlTemplate":"https:\/\/www.nekmar.be\/fr\/?s={search_term_string}"},"query-input":{"@type":"PropertyValueSpecification","valueRequired":true,"valueName":"search_term_string"}}],"inLanguage":"fr-FR"},{"@type":"Organization","@id":"https:\/\/www.nekmar.be\/fr\/#organization","name":"Nekmar Pet Nutrition","url":"https:\/\/www.nekmar.be\/fr\/","logo":{"@type":"ImageObject","inLanguage":"fr-FR","@id":"https:\/\/www.nekmar.be\/fr\/#\/schema\/logo\/image\/","url":"http:\/\/po7dxobhscy.preview.infomaniak.website\/wp-content\/uploads\/2021\/11\/Nekmar-contact.jpg","contentUrl":"http:\/\/po7dxobhscy.preview.infomaniak.website\/wp-content\/uploads\/2021\/11\/Nekmar-contact.jpg","width":600,"height":142,"caption":"Nekmar Pet Nutrition"},"image":{"@id":"https:\/\/www.nekmar.be\/fr\/#\/schema\/logo\/image\/"},"sameAs":["https:\/\/www.facebook.com\/nekmarpetnutrition\/","https:\/\/www.instagram.com\/nekmarpetnutrition\/"]}]}},"_links":{"self":[{"href":"https:\/\/www.nekmar.be\/fr\/wp-json\/wp\/v2\/pages\/937","targetHints":{"allow":["GET"]}}],"collection":[{"href":"https:\/\/www.nekmar.be\/fr\/wp-json\/wp\/v2\/pages"}],"about":[{"href":"https:\/\/www.nekmar.be\/fr\/wp-json\/wp\/v2\/types\/page"}],"author":[{"embeddable":true,"href":"https:\/\/www.nekmar.be\/fr\/wp-json\/wp\/v2\/users\/3"}],"replies":[{"embeddable":true,"href":"https:\/\/www.nekmar.be\/fr\/wp-json\/wp\/v2\/comments?post=937"}],"version-history":[{"count":1,"href":"https:\/\/www.nekmar.be\/fr\/wp-json\/wp\/v2\/pages\/937\/revisions"}],"predecessor-version":[{"id":1052,"href":"https:\/\/www.nekmar.be\/fr\/wp-json\/wp\/v2\/pages\/937\/revisions\/1052"}],"wp:attachment":[{"href":"https:\/\/www.nekmar.be\/fr\/wp-json\/wp\/v2\/media?parent=937"}],"curies":[{"name":"wp","href":"https:\/\/api.w.org\/{rel}","templated":true}]}}